{"id":176,"date":"2024-05-17T17:25:12","date_gmt":"2024-05-17T17:25:12","guid":{"rendered":"https:\/\/relaxed-golick.190-15-141-170.plesk.page\/?page_id=176"},"modified":"2024-05-17T18:58:28","modified_gmt":"2024-05-17T18:58:28","slug":"michael-heinrich-phd","status":"publish","type":"page","link":"https:\/\/colaplamed2020.cedia.edu.ec\/index.php\/michael-heinrich-phd\/","title":{"rendered":"Michael Heinrich PhD"},"content":{"rendered":"\t\t<div data-elementor-type=\"wp-page\" data-elementor-id=\"176\" class=\"elementor elementor-176\">\n\t\t\t\t<div class=\"elementor-element elementor-element-481665f e-flex e-con-boxed e-con e-parent\" data-id=\"481665f\" data-element_type=\"container\" data-e-type=\"container\" data-settings=\"{&quot;background_background&quot;:&quot;classic&quot;}\">\n\t\t\t\t\t<div class=\"e-con-inner\">\n\t\t\t\t\t<\/div>\n\t\t\t\t<\/div>\n\t\t<div class=\"elementor-element elementor-element-d15c638 e-flex e-con-boxed e-con e-parent\" data-id=\"d15c638\" data-element_type=\"container\" data-e-type=\"container\">\n\t\t\t\t\t<div class=\"e-con-inner\">\n\t\t<div class=\"elementor-element elementor-element-5d32c93 e-con-full e-flex e-con e-child\" data-id=\"5d32c93\" data-element_type=\"container\" data-e-type=\"container\">\n\t\t<div class=\"elementor-element elementor-element-2f58555 e-flex e-con-boxed e-con e-child\" data-id=\"2f58555\" data-element_type=\"container\" data-e-type=\"container\" data-settings=\"{&quot;background_background&quot;:&quot;classic&quot;}\">\n\t\t\t\t\t<div class=\"e-con-inner\">\n\t\t<div class=\"elementor-element elementor-element-15aba67 e-flex e-con-boxed e-con e-child\" data-id=\"15aba67\" data-element_type=\"container\" data-e-type=\"container\" data-settings=\"{&quot;background_background&quot;:&quot;classic&quot;}\">\n\t\t\t\t\t<div class=\"e-con-inner\">\n\t\t\t\t\t<\/div>\n\t\t\t\t<\/div>\n\t\t<div class=\"elementor-element elementor-element-b2eced1 e-flex e-con-boxed e-con e-child\" data-id=\"b2eced1\" data-element_type=\"container\" data-e-type=\"container\">\n\t\t\t\t\t<div class=\"e-con-inner\">\n\t\t\t\t<div class=\"elementor-element elementor-element-2ca8511 elementor-widget elementor-widget-text-editor\" data-id=\"2ca8511\" data-element_type=\"widget\" data-e-type=\"widget\" data-widget_type=\"text-editor.default\">\n\t\t\t\t<div class=\"elementor-widget-container\">\n\t\t\t\t\t\t\t\t\t<div class=\"sppb-person-information\" style=\"margin-top: 20px; color: #4c4c4c; font-family: Montserrat, sans-serif; font-size: 15px; text-align: center;\"><span class=\"sppb-person-name\" style=\"display: block; font-size: 20px; color: #1c1c24; font-weight: bold; margin-bottom: 5px;\">MICHAEL HEINRICH PhD<\/span><\/div><div class=\"sppb-person-introtext\" style=\"margin-top: 0px; padding: 0px 25px 20px; color: #4c4c4c; font-family: Montserrat, sans-serif; font-size: 15px; text-align: center;\"><br \/><span style=\"font-weight: bold;\">Conferencia:<\/span>\u00a0Plantas medicinales y los retos de Covid-19: Oportunidades terap\u00e9uticas o una distracci\u00f3n cient\u00edfica?<\/div>\t\t\t\t\t\t\t\t<\/div>\n\t\t\t\t<\/div>\n\t\t\t\t\t<\/div>\n\t\t\t\t<\/div>\n\t\t\t\t\t<\/div>\n\t\t\t\t<\/div>\n\t\t\t\t<\/div>\n\t\t<div class=\"elementor-element elementor-element-4289dd9 e-con-full e-flex e-con e-child\" data-id=\"4289dd9\" data-element_type=\"container\" data-e-type=\"container\">\n\t\t\t\t<div class=\"elementor-element elementor-element-05f6008 elementor-widget elementor-widget-text-editor\" data-id=\"05f6008\" data-element_type=\"widget\" data-e-type=\"widget\" data-widget_type=\"text-editor.default\">\n\t\t\t\t<div class=\"elementor-widget-container\">\n\t\t\t\t\t\t\t\t\t<div style=\"color: #4c4c4c; font-family: Montserrat, sans-serif; font-size: 15px; text-align: justify;\">Professor of Ethnopharmacology and Pharmacognosy, Pharma &amp; Bio Chemistry, University College London, School of Pharmacy, Faculty of Life Sciences Career Pharmaceutical biologist (Dr. rer nat.habil, Univ. Freiburg 1989, 1997, Dipl. Biol, 1985)\/pharmacognosist,\u202fand anthropologist (M.A., Wayne State Univ, 1982), with a many years of research experience in a multitude of generally transdisciplinary aspects of medicinal and food plant research (esp. bioactive natural products), as well as at the interface of cultural and natural sciences especially on the traditional use of food and medicinal plants for example in Mexico and the Mediterranean.<\/div><div style=\"color: #4c4c4c; font-family: Montserrat, sans-serif; font-size: 15px; text-align: justify;\"><ul style=\"margin-top: 0px; margin-bottom: 10px;\"><li>Since 2012 Head and Professor at the Centre for Pharmacognosy and Phytotherapy, UCL School of Pharmacy, London (UK)<\/li><li>2011 &#8211; 2012 Founding director Southern Cross Plant Science, Southern Cross University, Australia (on Leave of Absence from The School of Pharmacy, Univ. London)<\/li><li>1999 &#8211; 2011 Head and Professor at the Centre for Pharmacognosy and Phytotherapy, The School of Pharmacy, London (UK)<\/li><li>1993-1999 Hochschulassistent (C1; lecturer 1993 &#8211; 1997) and Privatdozent (\u2018associate professor\u2019, 1997 \u2013 1999) and researcher at the School of Chemistry and Pharmacy (Inst. of Pharmaceutical Biology), University of Freiburg.\u202f<\/li><\/ul><span style=\"font-weight: bold;\">Specific scientific interests:<\/span><\/div><div style=\"color: #4c4c4c; font-family: Montserrat, sans-serif; font-size: 15px; text-align: justify;\"><ul style=\"margin-top: 0px; margin-bottom: 10px;\"><li>Bioactive natural products \/ pharmacognosy \/ and ethnobotany): metabolomic approaches in medicinal plant research , anti-inflammatory and anti-oxidant natural products focusing on the transcription factor NF-kB and its pathway as molecular targets of natural product research, quality and safety of herbal medical products, intervention studies with herbal medicines<\/li><li>Sociocultural sciences: Food and medicinal plant usage in the Mediterranean, M\u00e9xico\/ Central America\/ migrant communities in London, history of medicinal plant use in Europe, value and supply chain of medicinal plants.<\/li><\/ul><span style=\"font-weight: bold;\">Some recent publications:<\/span><\/div><ul style=\"margin-top: 0px; margin-bottom: 10px; color: #4c4c4c; font-family: Montserrat, sans-serif; font-size: 15px; background-color: #ffffff;\"><li style=\"text-align: justify;\">10 years of Ethnopharmacology (e-book):\u00a0<a style=\"color: #0234a0; transition: color 400ms ease 0s, background-color 400ms ease 0s;\" href=\"https:\/\/www.frontiersin.org\/books\/10_Years_of_Ethnopharmacology\/3012\" target=\"_blank\" rel=\"noopener noreferrer\">https:\/\/www.frontiersin.org\/books\/10_Years_of_Ethnopharmacology\/3012<\/a>.<\/li><li style=\"text-align: justify;\">Implementation of the Nagoya Protocol in six Latin American countries:\u00a0<a style=\"color: #0234a0; transition: color 400ms ease 0s, background-color 400ms ease 0s;\" href=\"https:\/\/www.frontiersin.org\/articles\/10.3389\/fphar.2020.00765\/full\" target=\"_blank\" rel=\"noopener noreferrer\">https:\/\/www.frontiersin.org\/articles\/10.3389\/fphar.2020.00765\/full<\/a><\/li><li><div style=\"text-align: justify;\">Best practice \/ phytopharmacol standards \u2013 JEP 40\u00a0<a style=\"color: #0234a0; transition: color 400ms ease 0s, background-color 400ms ease 0s;\" href=\"https:\/\/www.sciencedirect.com\/science\/article\/pii\/S0378874119330338?via%3Dihub\" target=\"_blank\" rel=\"noopener noreferrer\">https:\/\/www.sciencedirect.com\/science\/article\/pii\/S0378874119330338?via%3Dihub<\/a><\/div><\/li><\/ul>\t\t\t\t\t\t\t\t<\/div>\n\t\t\t\t<\/div>\n\t\t\t\t<\/div>\n\t\t\t\t\t<\/div>\n\t\t\t\t<\/div>\n\t\t<div class=\"elementor-element elementor-element-4e2bfd1 e-con-full e-flex e-con e-parent\" data-id=\"4e2bfd1\" data-element_type=\"container\" data-e-type=\"container\">\n\t\t\t\t<div class=\"elementor-element elementor-element-397adbe elementor-widget elementor-widget-shortcode\" data-id=\"397adbe\" data-element_type=\"widget\" data-e-type=\"widget\" data-widget_type=\"shortcode.default\">\n\t\t\t\t<div class=\"elementor-widget-container\">\n\t\t\t\t\t\t\t<div class=\"elementor-shortcode\">\t\t<div data-elementor-type=\"wp-post\" data-elementor-id=\"106\" class=\"elementor elementor-106\">\n\t\t\t\t<div class=\"elementor-element elementor-element-75c1170 e-con-full e-flex e-con e-parent\" data-id=\"75c1170\" data-element_type=\"container\" data-e-type=\"container\" data-settings=\"{&quot;background_background&quot;:&quot;classic&quot;}\">\n\t\t<div class=\"elementor-element elementor-element-ff719c8 e-flex e-con-boxed e-con e-child\" data-id=\"ff719c8\" data-element_type=\"container\" data-e-type=\"container\">\n\t\t\t\t\t<div class=\"e-con-inner\">\n\t\t\t\t<div class=\"elementor-element elementor-element-59c2efa elementor-widget elementor-widget-image\" data-id=\"59c2efa\" data-element_type=\"widget\" data-e-type=\"widget\" data-widget_type=\"image.default\">\n\t\t\t\t<div class=\"elementor-widget-container\">\n\t\t\t\t\t\t\t\t\t\t\t\t\t\t\t<img decoding=\"async\" width=\"184\" height=\"27\" src=\"https:\/\/colaplamed2020.cedia.edu.ec\/wp-content\/uploads\/2024\/05\/poweredby-01.png\" class=\"attachment-full size-full wp-image-111\" alt=\"\" \/>\t\t\t\t\t\t\t\t\t\t\t\t\t\t\t<\/div>\n\t\t\t\t<\/div>\n\t\t\t\t\t<\/div>\n\t\t\t\t<\/div>\n\t\t\t\t<\/div>\n\t\t\t\t<\/div>\n\t\t<\/div>\n\t\t\t\t\t\t<\/div>\n\t\t\t\t<\/div>\n\t\t\t\t<\/div>\n\t\t\t\t<\/div>\n\t\t","protected":false},"excerpt":{"rendered":"<p>MICHAEL HEINRICH PhDConferencia:\u00a0Plantas medicinales y los retos de Covid-19: Oportunidades terap\u00e9uticas o una distracci\u00f3n cient\u00edfica?Professor of Ethnopharmacology and Pharmacognosy, Pharma &amp; Bio Chemistry, University College London, School of Pharmacy, Faculty of Life Sciences Career Pharmaceutical biologist (Dr. rer nat.habil, Univ. Freiburg 1989, 1997, Dipl. Biol, 1985)\/pharmacognosist,\u202fand anthropologist (M.A., Wayne State Univ, 1982), with a many [&hellip;]<\/p>\n","protected":false},"author":4,"featured_media":0,"parent":0,"menu_order":0,"comment_status":"closed","ping_status":"closed","template":"","meta":{"footnotes":""},"class_list":["post-176","page","type-page","status-publish","hentry"],"_links":{"self":[{"href":"https:\/\/colaplamed2020.cedia.edu.ec\/index.php\/wp-json\/wp\/v2\/pages\/176","targetHints":{"allow":["GET"]}}],"collection":[{"href":"https:\/\/colaplamed2020.cedia.edu.ec\/index.php\/wp-json\/wp\/v2\/pages"}],"about":[{"href":"https:\/\/colaplamed2020.cedia.edu.ec\/index.php\/wp-json\/wp\/v2\/types\/page"}],"author":[{"embeddable":true,"href":"https:\/\/colaplamed2020.cedia.edu.ec\/index.php\/wp-json\/wp\/v2\/users\/4"}],"replies":[{"embeddable":true,"href":"https:\/\/colaplamed2020.cedia.edu.ec\/index.php\/wp-json\/wp\/v2\/comments?post=176"}],"version-history":[{"count":7,"href":"https:\/\/colaplamed2020.cedia.edu.ec\/index.php\/wp-json\/wp\/v2\/pages\/176\/revisions"}],"predecessor-version":[{"id":183,"href":"https:\/\/colaplamed2020.cedia.edu.ec\/index.php\/wp-json\/wp\/v2\/pages\/176\/revisions\/183"}],"wp:attachment":[{"href":"https:\/\/colaplamed2020.cedia.edu.ec\/index.php\/wp-json\/wp\/v2\/media?parent=176"}],"curies":[{"name":"wp","href":"https:\/\/api.w.org\/{rel}","templated":true}]}}